{"id":503,"date":"2020-09-19T16:20:09","date_gmt":"2020-09-19T16:20:09","guid":{"rendered":"http:\/\/www.kndorty.cz\/?page_id=503"},"modified":"2024-09-03T21:16:05","modified_gmt":"2024-09-03T21:16:05","slug":"kavarna","status":"publish","type":"page","link":"https:\/\/www.kndorty.cz\/?page_id=503","title":{"rendered":"Kav\u00e1rna"},"content":{"rendered":"<p>[et_pb_section fb_built=&#8220;1&#8243; _builder_version=&#8220;4.16&#8243; global_colors_info=&#8220;{}&#8220;][et_pb_row _builder_version=&#8220;4.16&#8243; global_colors_info=&#8220;{}&#8220;][et_pb_column type=&#8220;4_4&#8243; _builder_version=&#8220;4.16&#8243; global_colors_info=&#8220;{}&#8220;][et_pb_text _builder_version=&#8220;4.16&#8243; text_orientation=&#8220;center&#8220; animation_style=&#8220;slide&#8220; global_colors_info=&#8220;{}&#8220;]<\/p>\n<h1>Kav\u00e1rna<\/h1>\n<p>[\/et_pb_text][et_pb_text _builder_version=&#8220;4.27.0&#8243; _module_preset=&#8220;default&#8220; global_colors_info=&#8220;{}&#8220;]<\/p>\n<h1 style=\"text-align: center;\"><span style=\"color: #ff0000;\">Provoz kav\u00e1rny je a\u017e do odvol\u00e1n\u00ed p\u0159eru\u0161en!<\/span><\/h1>\n<p>[\/et_pb_text][\/et_pb_column][\/et_pb_row][et_pb_row make_equal=&#8220;on&#8220; _builder_version=&#8220;4.16&#8243; background_color=&#8220;#fbe9d1&#8243; custom_margin=&#8220;||20px||false|false&#8220; custom_padding=&#8220;0px|0px|0px|0px|false|false&#8220; animation_style=&#8220;slide&#8220; border_radii=&#8220;on|50px|50px|50px|50px&#8220; global_colors_info=&#8220;{}&#8220;][et_pb_column type=&#8220;4_4&#8243; _builder_version=&#8220;4.16&#8243; custom_css_main_element=&#8220;margin: auto;&#8220; global_colors_info=&#8220;{}&#8220;][et_pb_text _builder_version=&#8220;4.16&#8243; custom_margin=&#8220;50px|50px|50px|50px|true|true&#8220; global_colors_info=&#8220;{}&#8220;]<\/p>\n<p style=\"text-align: center;\">Nov\u011b jsme pro V\u00e1s otev\u0159eli tak\u00e9 <strong>KAV\u00c1RNU<\/strong>. P\u0159ij\u010fte si k&nbsp;n\u00e1m posed\u011bt a&nbsp;vychutnat si na\u0161e skv\u011bl\u00e9 dorty a&nbsp;z\u00e1kusky v&nbsp;p\u0159\u00edjemn\u00e9m prost\u0159ed\u00ed se \u0161\u00e1lkem dobr\u00e9 k\u00e1vy nebo \u010daje.<\/p>\n<p>[\/et_pb_text][\/et_pb_column][\/et_pb_row][et_pb_row _builder_version=&#8220;4.16&#8243; global_colors_info=&#8220;{}&#8220;][et_pb_column type=&#8220;4_4&#8243; _builder_version=&#8220;4.16&#8243; global_colors_info=&#8220;{}&#8220;][et_pb_gallery gallery_ids=&#8220;511,519,518,517,516,515,514,513,512&#8243; gallery_orderby=&#8220;rand&#8220; fullwidth=&#8220;on&#8220; _builder_version=&#8220;4.16&#8243; animation_style=&#8220;fade&#8220; auto=&#8220;on&#8220; auto_speed=&#8220;3500&#8243; border_radii=&#8220;on|50px|50px|50px|50px&#8220; border_width_all_image=&#8220;3px&#8220; border_color_all_image=&#8220;#402020&#8243; global_colors_info=&#8220;{}&#8220;][\/et_pb_gallery][\/et_pb_column][\/et_pb_row][et_pb_row _builder_version=&#8220;4.16&#8243; global_colors_info=&#8220;{}&#8220;][et_pb_column type=&#8220;4_4&#8243; _builder_version=&#8220;4.16&#8243; global_colors_info=&#8220;{}&#8220;][et_pb_text _builder_version=&#8220;4.16&#8243; animation_style=&#8220;slide&#8220; global_colors_info=&#8220;{}&#8220;]<\/p>\n<h1 style=\"text-align: center;\">Provozn\u00ed doba<\/h1>\n<p>[\/et_pb_text][\/et_pb_column][\/et_pb_row][et_pb_row column_structure=&#8220;1_2,1_2&#8243; make_equal=&#8220;on&#8220; _builder_version=&#8220;4.16&#8243; background_color=&#8220;#fbe9d1&#8243; custom_margin=&#8220;||20px||false|false&#8220; custom_padding=&#8220;0px|0px|0px|0px|false|false&#8220; animation_style=&#8220;slide&#8220; border_radii=&#8220;on|50px|50px|50px|50px&#8220; global_colors_info=&#8220;{}&#8220;][et_pb_column type=&#8220;1_2&#8243; _builder_version=&#8220;4.16&#8243; custom_css_main_element=&#8220;margin: auto;&#8220; global_colors_info=&#8220;{}&#8220;][et_pb_text _builder_version=&#8220;4.18.0&#8243; custom_margin=&#8220;50px|50px|50px|50px|true|true&#8220; global_colors_info=&#8220;{}&#8220;]<\/p>\n<p style=\"text-align: center;\"><strong>P\u00e1tek<\/strong><\/p>\n<p style=\"text-align: center;\">10:00 \u2013 18:00<\/p>\n<p>[\/et_pb_text][\/et_pb_column][et_pb_column type=&#8220;1_2&#8243; _builder_version=&#8220;4.16&#8243; _module_preset=&#8220;default&#8220; global_colors_info=&#8220;{}&#8220;][et_pb_text _builder_version=&#8220;4.16&#8243; custom_margin=&#8220;50px|50px|50px|50px|true|true&#8220; global_colors_info=&#8220;{}&#8220;]<\/p>\n<p style=\"text-align: center;\"><strong>Sobota<br \/><\/strong><\/p>\n<p style=\"text-align: center;\">10:00 \u2013 18:00<\/p>\n<p>[\/et_pb_text][\/et_pb_column][\/et_pb_row][et_pb_row make_equal=&#8220;on&#8220; _builder_version=&#8220;4.16&#8243; background_color=&#8220;#fbe9d1&#8243; custom_margin=&#8220;||20px||false|false&#8220; custom_padding=&#8220;0px|0px|0px|0px|false|false&#8220; animation_style=&#8220;slide&#8220; border_radii=&#8220;on|50px|50px|50px|50px&#8220; global_colors_info=&#8220;{}&#8220;][et_pb_column type=&#8220;4_4&#8243; _builder_version=&#8220;4.16&#8243; custom_css_main_element=&#8220;margin: auto;&#8220; global_colors_info=&#8220;{}&#8220;][et_pb_text _builder_version=&#8220;4.16&#8243; text_orientation=&#8220;center&#8220; custom_margin=&#8220;50px|50px|50px|50px|true|true&#8220; global_colors_info=&#8220;{}&#8220;]<\/p>\n<p>Ostatn\u00ed dny r\u00e1di p\u0159iprav\u00edme na\u0161e skv\u011bl\u00e9 dezerty na telefonickou objedn\u00e1vku <strong>24h p\u0159edem<\/strong>.<\/p>\n<p>[\/et_pb_text][\/et_pb_column][\/et_pb_row][\/et_pb_section]<\/p>\n","protected":false},"excerpt":{"rendered":"<p>D\u011bl\u00e1me skv\u011bl\u00e9 dorty!<\/p>\n","protected":false},"author":1,"featured_media":8,"parent":0,"menu_order":0,"comment_status":"closed","ping_status":"closed","template":"","meta":{"_et_pb_use_builder":"on","_et_pb_old_content":"","_et_gb_content_width":"","footnotes":""},"class_list":["post-503","page","type-page","status-publish","has-post-thumbnail","hentry"],"yoast_head":"<!-- This site is optimized with the Yoast SEO plugin v24.9 - https:\/\/yoast.com\/wordpress\/plugins\/seo\/ -->\n<title>K. N. DORTY<\/title>\n<meta name=\"description\" content=\"D\u011bl\u00e1me skv\u011bl\u00e9 dorty!\" \/>\n<meta name=\"robots\" content=\"index, follow, max-snippet:-1, max-image-preview:large, max-video-preview:-1\" \/>\n<link rel=\"canonical\" href=\"https:\/\/www.kndorty.cz\/?page_id=503\" \/>\n<meta property=\"og:locale\" content=\"cs_CZ\" \/>\n<meta property=\"og:type\" content=\"article\" \/>\n<meta property=\"og:title\" content=\"K. N. DORTY\" \/>\n<meta property=\"og:description\" content=\"D\u011bl\u00e1me skv\u011bl\u00e9 dorty!\" \/>\n<meta property=\"og:url\" content=\"https:\/\/www.kndorty.cz\/?page_id=503\" \/>\n<meta property=\"og:site_name\" content=\"K. N. DORTY\" \/>\n<meta property=\"article:publisher\" content=\"https:\/\/www.facebook.com\/KNDorty\/\" \/>\n<meta property=\"article:modified_time\" content=\"2024-09-03T21:16:05+00:00\" \/>\n<meta property=\"og:image\" content=\"http:\/\/www.kndorty.cz\/wp-content\/uploads\/2019\/10\/kn-dorty-logo-facebook.jpg\" \/>\n\t<meta property=\"og:image:width\" content=\"960\" \/>\n\t<meta property=\"og:image:height\" content=\"960\" \/>\n\t<meta property=\"og:image:type\" content=\"image\/jpeg\" \/>\n<meta name=\"twitter:card\" content=\"summary_large_image\" \/>\n<meta name=\"twitter:image\" content=\"https:\/\/www.kndorty.cz\/wp-content\/uploads\/2019\/10\/kn-dorty-logo-facebook.jpg\" \/>\n<meta name=\"twitter:label1\" content=\"Odhadovan\u00e1 doba \u010dten\u00ed\" \/>\n\t<meta name=\"twitter:data1\" content=\"3 minuty\" \/>\n<script type=\"application\/ld+json\" class=\"yoast-schema-graph\">{\"@context\":\"https:\/\/schema.org\",\"@graph\":[{\"@type\":\"WebPage\",\"@id\":\"https:\/\/www.kndorty.cz\/?page_id=503\",\"url\":\"https:\/\/www.kndorty.cz\/?page_id=503\",\"name\":\"K. N. DORTY\",\"isPartOf\":{\"@id\":\"https:\/\/www.kndorty.cz\/#website\"},\"primaryImageOfPage\":{\"@id\":\"https:\/\/www.kndorty.cz\/?page_id=503#primaryimage\"},\"image\":{\"@id\":\"https:\/\/www.kndorty.cz\/?page_id=503#primaryimage\"},\"thumbnailUrl\":\"https:\/\/www.kndorty.cz\/wp-content\/uploads\/2019\/10\/kn-dorty-logo-facebook.jpg\",\"datePublished\":\"2020-09-19T16:20:09+00:00\",\"dateModified\":\"2024-09-03T21:16:05+00:00\",\"description\":\"D\u011bl\u00e1me skv\u011bl\u00e9 dorty!\",\"breadcrumb\":{\"@id\":\"https:\/\/www.kndorty.cz\/?page_id=503#breadcrumb\"},\"inLanguage\":\"cs\",\"potentialAction\":[{\"@type\":\"ReadAction\",\"target\":[\"https:\/\/www.kndorty.cz\/?page_id=503\"]}]},{\"@type\":\"ImageObject\",\"inLanguage\":\"cs\",\"@id\":\"https:\/\/www.kndorty.cz\/?page_id=503#primaryimage\",\"url\":\"https:\/\/www.kndorty.cz\/wp-content\/uploads\/2019\/10\/kn-dorty-logo-facebook.jpg\",\"contentUrl\":\"https:\/\/www.kndorty.cz\/wp-content\/uploads\/2019\/10\/kn-dorty-logo-facebook.jpg\",\"width\":960,\"height\":960},{\"@type\":\"BreadcrumbList\",\"@id\":\"https:\/\/www.kndorty.cz\/?page_id=503#breadcrumb\",\"itemListElement\":[{\"@type\":\"ListItem\",\"position\":1,\"name\":\"Dom\u016f\",\"item\":\"https:\/\/www.kndorty.cz\/\"},{\"@type\":\"ListItem\",\"position\":2,\"name\":\"Kav\u00e1rna\"}]},{\"@type\":\"WebSite\",\"@id\":\"https:\/\/www.kndorty.cz\/#website\",\"url\":\"https:\/\/www.kndorty.cz\/\",\"name\":\"K. N. DORTY\",\"description\":\"Vyr\u00e1b\u00edme skv\u011bl\u00e9 dorty\",\"publisher\":{\"@id\":\"https:\/\/www.kndorty.cz\/#organization\"},\"potentialAction\":[{\"@type\":\"SearchAction\",\"target\":{\"@type\":\"EntryPoint\",\"urlTemplate\":\"https:\/\/www.kndorty.cz\/?s={search_term_string}\"},\"query-input\":{\"@type\":\"PropertyValueSpecification\",\"valueRequired\":true,\"valueName\":\"search_term_string\"}}],\"inLanguage\":\"cs\"},{\"@type\":\"Organization\",\"@id\":\"https:\/\/www.kndorty.cz\/#organization\",\"name\":\"K. N. DORTY\",\"url\":\"https:\/\/www.kndorty.cz\/\",\"logo\":{\"@type\":\"ImageObject\",\"inLanguage\":\"cs\",\"@id\":\"https:\/\/www.kndorty.cz\/#\/schema\/logo\/image\/\",\"url\":\"https:\/\/www.kndorty.cz\/wp-content\/uploads\/2019\/10\/kn-dorty-logo-facebook.jpg\",\"contentUrl\":\"https:\/\/www.kndorty.cz\/wp-content\/uploads\/2019\/10\/kn-dorty-logo-facebook.jpg\",\"width\":960,\"height\":960,\"caption\":\"K. N. DORTY\"},\"image\":{\"@id\":\"https:\/\/www.kndorty.cz\/#\/schema\/logo\/image\/\"},\"sameAs\":[\"https:\/\/www.facebook.com\/KNDorty\/\"]}]}<\/script>\n<!-- \/ Yoast SEO plugin. -->","yoast_head_json":{"title":"K. N. DORTY","description":"D\u011bl\u00e1me skv\u011bl\u00e9 dorty!","robots":{"index":"index","follow":"follow","max-snippet":"max-snippet:-1","max-image-preview":"max-image-preview:large","max-video-preview":"max-video-preview:-1"},"canonical":"https:\/\/www.kndorty.cz\/?page_id=503","og_locale":"cs_CZ","og_type":"article","og_title":"K. N. DORTY","og_description":"D\u011bl\u00e1me skv\u011bl\u00e9 dorty!","og_url":"https:\/\/www.kndorty.cz\/?page_id=503","og_site_name":"K. N. DORTY","article_publisher":"https:\/\/www.facebook.com\/KNDorty\/","article_modified_time":"2024-09-03T21:16:05+00:00","og_image":[{"width":960,"height":960,"url":"http:\/\/www.kndorty.cz\/wp-content\/uploads\/2019\/10\/kn-dorty-logo-facebook.jpg","type":"image\/jpeg"}],"twitter_card":"summary_large_image","twitter_image":"https:\/\/www.kndorty.cz\/wp-content\/uploads\/2019\/10\/kn-dorty-logo-facebook.jpg","twitter_misc":{"Odhadovan\u00e1 doba \u010dten\u00ed":"3 minuty"},"schema":{"@context":"https:\/\/schema.org","@graph":[{"@type":"WebPage","@id":"https:\/\/www.kndorty.cz\/?page_id=503","url":"https:\/\/www.kndorty.cz\/?page_id=503","name":"K. N. DORTY","isPartOf":{"@id":"https:\/\/www.kndorty.cz\/#website"},"primaryImageOfPage":{"@id":"https:\/\/www.kndorty.cz\/?page_id=503#primaryimage"},"image":{"@id":"https:\/\/www.kndorty.cz\/?page_id=503#primaryimage"},"thumbnailUrl":"https:\/\/www.kndorty.cz\/wp-content\/uploads\/2019\/10\/kn-dorty-logo-facebook.jpg","datePublished":"2020-09-19T16:20:09+00:00","dateModified":"2024-09-03T21:16:05+00:00","description":"D\u011bl\u00e1me skv\u011bl\u00e9 dorty!","breadcrumb":{"@id":"https:\/\/www.kndorty.cz\/?page_id=503#breadcrumb"},"inLanguage":"cs","potentialAction":[{"@type":"ReadAction","target":["https:\/\/www.kndorty.cz\/?page_id=503"]}]},{"@type":"ImageObject","inLanguage":"cs","@id":"https:\/\/www.kndorty.cz\/?page_id=503#primaryimage","url":"https:\/\/www.kndorty.cz\/wp-content\/uploads\/2019\/10\/kn-dorty-logo-facebook.jpg","contentUrl":"https:\/\/www.kndorty.cz\/wp-content\/uploads\/2019\/10\/kn-dorty-logo-facebook.jpg","width":960,"height":960},{"@type":"BreadcrumbList","@id":"https:\/\/www.kndorty.cz\/?page_id=503#breadcrumb","itemListElement":[{"@type":"ListItem","position":1,"name":"Dom\u016f","item":"https:\/\/www.kndorty.cz\/"},{"@type":"ListItem","position":2,"name":"Kav\u00e1rna"}]},{"@type":"WebSite","@id":"https:\/\/www.kndorty.cz\/#website","url":"https:\/\/www.kndorty.cz\/","name":"K. N. DORTY","description":"Vyr\u00e1b\u00edme skv\u011bl\u00e9 dorty","publisher":{"@id":"https:\/\/www.kndorty.cz\/#organization"},"potentialAction":[{"@type":"SearchAction","target":{"@type":"EntryPoint","urlTemplate":"https:\/\/www.kndorty.cz\/?s={search_term_string}"},"query-input":{"@type":"PropertyValueSpecification","valueRequired":true,"valueName":"search_term_string"}}],"inLanguage":"cs"},{"@type":"Organization","@id":"https:\/\/www.kndorty.cz\/#organization","name":"K. N. DORTY","url":"https:\/\/www.kndorty.cz\/","logo":{"@type":"ImageObject","inLanguage":"cs","@id":"https:\/\/www.kndorty.cz\/#\/schema\/logo\/image\/","url":"https:\/\/www.kndorty.cz\/wp-content\/uploads\/2019\/10\/kn-dorty-logo-facebook.jpg","contentUrl":"https:\/\/www.kndorty.cz\/wp-content\/uploads\/2019\/10\/kn-dorty-logo-facebook.jpg","width":960,"height":960,"caption":"K. N. DORTY"},"image":{"@id":"https:\/\/www.kndorty.cz\/#\/schema\/logo\/image\/"},"sameAs":["https:\/\/www.facebook.com\/KNDorty\/"]}]}},"_links":{"self":[{"href":"https:\/\/www.kndorty.cz\/index.php?rest_route=\/wp\/v2\/pages\/503","targetHints":{"allow":["GET"]}}],"collection":[{"href":"https:\/\/www.kndorty.cz\/index.php?rest_route=\/wp\/v2\/pages"}],"about":[{"href":"https:\/\/www.kndorty.cz\/index.php?rest_route=\/wp\/v2\/types\/page"}],"author":[{"embeddable":true,"href":"https:\/\/www.kndorty.cz\/index.php?rest_route=\/wp\/v2\/users\/1"}],"replies":[{"embeddable":true,"href":"https:\/\/www.kndorty.cz\/index.php?rest_route=%2Fwp%2Fv2%2Fcomments&post=503"}],"version-history":[{"count":12,"href":"https:\/\/www.kndorty.cz\/index.php?rest_route=\/wp\/v2\/pages\/503\/revisions"}],"predecessor-version":[{"id":594,"href":"https:\/\/www.kndorty.cz\/index.php?rest_route=\/wp\/v2\/pages\/503\/revisions\/594"}],"wp:featuredmedia":[{"embeddable":true,"href":"https:\/\/www.kndorty.cz\/index.php?rest_route=\/wp\/v2\/media\/8"}],"wp:attachment":[{"href":"https:\/\/www.kndorty.cz\/index.php?rest_route=%2Fwp%2Fv2%2Fmedia&parent=503"}],"curies":[{"name":"wp","href":"https:\/\/api.w.org\/{rel}","templated":true}]}}