{"id":192,"date":"2019-10-27T18:16:07","date_gmt":"2019-10-27T18:16:07","guid":{"rendered":"http:\/\/www.kndorty.cz\/?page_id=192"},"modified":"2019-10-27T22:01:36","modified_gmt":"2019-10-27T22:01:36","slug":"katerina","status":"publish","type":"page","link":"https:\/\/www.kndorty.cz\/?page_id=192","title":{"rendered":"Kate\u0159ina"},"content":{"rendered":"<p>[et_pb_section fb_built=&#8220;1&#8243; _builder_version=&#8220;4.0.3&#8243;][et_pb_row _builder_version=&#8220;4.0.3&#8243;][et_pb_column type=&#8220;4_4&#8243; _builder_version=&#8220;4.0.3&#8243;][et_pb_text _builder_version=&#8220;4.0.3&#8243; text_orientation=&#8220;center&#8220; animation_style=&#8220;slide&#8220;]<\/p>\n<h1>Kate\u0159ina<\/h1>\n<p>[\/et_pb_text][\/et_pb_column][\/et_pb_row][et_pb_row column_structure=&#8220;1_3,2_3&#8243; make_equal=&#8220;on&#8220; _builder_version=&#8220;4.0.3&#8243;][et_pb_column type=&#8220;1_3&#8243; _builder_version=&#8220;4.0.3&#8243;][et_pb_image src=&#8220;http:\/\/www.kndorty.cz\/wp-content\/uploads\/katerina01.jpg&#8220; _builder_version=&#8220;4.0.3&#8243; animation_style=&#8220;slide&#8220; animation_direction=&#8220;left&#8220; border_radii=&#8220;on|50%|50%|50%|50%&#8220; border_width_all=&#8220;3px&#8220; border_color_all=&#8220;#402020&#8243;][\/et_pb_image][\/et_pb_column][et_pb_column type=&#8220;2_3&#8243; _builder_version=&#8220;4.0.3&#8243; custom_css_main_element=&#8220;margin: auto;&#8220;][et_pb_text _builder_version=&#8220;4.0.3&#8243; animation_style=&#8220;slide&#8220; animation_direction=&#8220;right&#8220;]<\/p>\n<p>P\u0159ijde \u010das, kdy sem o&nbsp;sob\u011b n\u011bco nap\u00ed\u0161u. Pr\u00fd by to tak m\u011blo b\u00fdt, \u017ee kdy\u017e u\u017e m\u00e1m web, tak na n\u011bj m\u00e1m napsat i&nbsp;n\u011bco o&nbsp;sob\u011b. \u0158\u00edkali \ud83d\ude00<\/p>\n<p>Te\u010f m\u00e1m ale ruce v&nbsp;d\u00ed\u017ei na t\u011bsto, vytahuji plechy z&nbsp;trouby, kr\u00e1j\u00edm ovoce, zdob\u00edm dorty, s\u00e1\u010dkuji makronky&#8230; Jsem r\u00e1da, \u017ee m\u00e1te o&nbsp;na\u0161e dorty tak velk\u00fd z\u00e1jem. Opravdu. Snad mi tedy prominete, \u017ee se k&nbsp;tomu psan\u00ed na web dostanu a\u017e pozd\u011bji.<\/p>\n<p>Va\u0161e <strong>Kate\u0159ina Neterdov\u00e1<\/strong>, rozen\u00e1 Forn\u016fskov\u00e1<\/p>\n<p>[\/et_pb_text][\/et_pb_column][\/et_pb_row][\/et_pb_section]<\/p>\n","protected":false},"excerpt":{"rendered":"<p>Jsem r\u00e1da, \u017ee m\u00e1te o&nbsp;na\u0161e dorty tak velk\u00fd z\u00e1jem. Opravdu. Snad mi tedy prominete, \u017ee se k&nbsp;tomu psan\u00ed na web dostanu a\u017e pozd\u011bji.<\/p>\n","protected":false},"author":1,"featured_media":62,"parent":0,"menu_order":0,"comment_status":"closed","ping_status":"closed","template":"","meta":{"_et_pb_use_builder":"on","_et_pb_old_content":"","_et_gb_content_width":"","footnotes":""},"class_list":["post-192","page","type-page","status-publish","has-post-thumbnail","hentry"],"yoast_head":"<!-- This site is optimized with the Yoast SEO plugin v24.9 - https:\/\/yoast.com\/wordpress\/plugins\/seo\/ -->\n<title>Kate\u0159ina &#8226; K. N. DORTY<\/title>\n<meta name=\"robots\" content=\"index, follow, max-snippet:-1, max-image-preview:large, max-video-preview:-1\" \/>\n<link rel=\"canonical\" href=\"https:\/\/www.kndorty.cz\/?page_id=192\" \/>\n<meta property=\"og:locale\" content=\"cs_CZ\" \/>\n<meta property=\"og:type\" content=\"article\" \/>\n<meta property=\"og:title\" content=\"Kate\u0159ina &#8226; K. N. DORTY\" \/>\n<meta property=\"og:description\" content=\"Jsem r\u00e1da, \u017ee m\u00e1te o na\u0161e dorty tak velk\u00fd z\u00e1jem. Opravdu. Snad mi tedy prominete, \u017ee se k tomu psan\u00ed na web dostanu a\u017e pozd\u011bji.\" \/>\n<meta property=\"og:url\" content=\"https:\/\/www.kndorty.cz\/?page_id=192\" \/>\n<meta property=\"og:site_name\" content=\"K. N. DORTY\" \/>\n<meta property=\"article:publisher\" content=\"https:\/\/www.facebook.com\/KNDorty\/\" \/>\n<meta property=\"article:modified_time\" content=\"2019-10-27T22:01:36+00:00\" \/>\n<meta property=\"og:image\" content=\"https:\/\/www.kndorty.cz\/wp-content\/uploads\/katerina01.jpg\" \/>\n\t<meta property=\"og:image:width\" content=\"956\" \/>\n\t<meta property=\"og:image:height\" content=\"960\" \/>\n\t<meta property=\"og:image:type\" content=\"image\/jpeg\" \/>\n<meta name=\"twitter:card\" content=\"summary_large_image\" \/>\n<meta name=\"twitter:label1\" content=\"Odhadovan\u00e1 doba \u010dten\u00ed\" \/>\n\t<meta name=\"twitter:data1\" content=\"1 minuta\" \/>\n<script type=\"application\/ld+json\" class=\"yoast-schema-graph\">{\"@context\":\"https:\/\/schema.org\",\"@graph\":[{\"@type\":\"WebPage\",\"@id\":\"https:\/\/www.kndorty.cz\/?page_id=192\",\"url\":\"https:\/\/www.kndorty.cz\/?page_id=192\",\"name\":\"Kate\u0159ina &#8226; K. N. DORTY\",\"isPartOf\":{\"@id\":\"https:\/\/www.kndorty.cz\/#website\"},\"primaryImageOfPage\":{\"@id\":\"https:\/\/www.kndorty.cz\/?page_id=192#primaryimage\"},\"image\":{\"@id\":\"https:\/\/www.kndorty.cz\/?page_id=192#primaryimage\"},\"thumbnailUrl\":\"https:\/\/www.kndorty.cz\/wp-content\/uploads\/katerina01.jpg\",\"datePublished\":\"2019-10-27T18:16:07+00:00\",\"dateModified\":\"2019-10-27T22:01:36+00:00\",\"breadcrumb\":{\"@id\":\"https:\/\/www.kndorty.cz\/?page_id=192#breadcrumb\"},\"inLanguage\":\"cs\",\"potentialAction\":[{\"@type\":\"ReadAction\",\"target\":[\"https:\/\/www.kndorty.cz\/?page_id=192\"]}]},{\"@type\":\"ImageObject\",\"inLanguage\":\"cs\",\"@id\":\"https:\/\/www.kndorty.cz\/?page_id=192#primaryimage\",\"url\":\"https:\/\/www.kndorty.cz\/wp-content\/uploads\/katerina01.jpg\",\"contentUrl\":\"https:\/\/www.kndorty.cz\/wp-content\/uploads\/katerina01.jpg\",\"width\":956,\"height\":960},{\"@type\":\"BreadcrumbList\",\"@id\":\"https:\/\/www.kndorty.cz\/?page_id=192#breadcrumb\",\"itemListElement\":[{\"@type\":\"ListItem\",\"position\":1,\"name\":\"Dom\u016f\",\"item\":\"https:\/\/www.kndorty.cz\/\"},{\"@type\":\"ListItem\",\"position\":2,\"name\":\"Kate\u0159ina\"}]},{\"@type\":\"WebSite\",\"@id\":\"https:\/\/www.kndorty.cz\/#website\",\"url\":\"https:\/\/www.kndorty.cz\/\",\"name\":\"K. N. DORTY\",\"description\":\"Vyr\u00e1b\u00edme skv\u011bl\u00e9 dorty\",\"publisher\":{\"@id\":\"https:\/\/www.kndorty.cz\/#organization\"},\"potentialAction\":[{\"@type\":\"SearchAction\",\"target\":{\"@type\":\"EntryPoint\",\"urlTemplate\":\"https:\/\/www.kndorty.cz\/?s={search_term_string}\"},\"query-input\":{\"@type\":\"PropertyValueSpecification\",\"valueRequired\":true,\"valueName\":\"search_term_string\"}}],\"inLanguage\":\"cs\"},{\"@type\":\"Organization\",\"@id\":\"https:\/\/www.kndorty.cz\/#organization\",\"name\":\"K. N. DORTY\",\"url\":\"https:\/\/www.kndorty.cz\/\",\"logo\":{\"@type\":\"ImageObject\",\"inLanguage\":\"cs\",\"@id\":\"https:\/\/www.kndorty.cz\/#\/schema\/logo\/image\/\",\"url\":\"https:\/\/www.kndorty.cz\/wp-content\/uploads\/2019\/10\/kn-dorty-logo-facebook.jpg\",\"contentUrl\":\"https:\/\/www.kndorty.cz\/wp-content\/uploads\/2019\/10\/kn-dorty-logo-facebook.jpg\",\"width\":960,\"height\":960,\"caption\":\"K. N. DORTY\"},\"image\":{\"@id\":\"https:\/\/www.kndorty.cz\/#\/schema\/logo\/image\/\"},\"sameAs\":[\"https:\/\/www.facebook.com\/KNDorty\/\"]}]}<\/script>\n<!-- \/ Yoast SEO plugin. -->","yoast_head_json":{"title":"Kate\u0159ina &#8226; K. N. DORTY","robots":{"index":"index","follow":"follow","max-snippet":"max-snippet:-1","max-image-preview":"max-image-preview:large","max-video-preview":"max-video-preview:-1"},"canonical":"https:\/\/www.kndorty.cz\/?page_id=192","og_locale":"cs_CZ","og_type":"article","og_title":"Kate\u0159ina &#8226; K. N. DORTY","og_description":"Jsem r\u00e1da, \u017ee m\u00e1te o na\u0161e dorty tak velk\u00fd z\u00e1jem. Opravdu. Snad mi tedy prominete, \u017ee se k tomu psan\u00ed na web dostanu a\u017e pozd\u011bji.","og_url":"https:\/\/www.kndorty.cz\/?page_id=192","og_site_name":"K. N. DORTY","article_publisher":"https:\/\/www.facebook.com\/KNDorty\/","article_modified_time":"2019-10-27T22:01:36+00:00","og_image":[{"width":956,"height":960,"url":"https:\/\/www.kndorty.cz\/wp-content\/uploads\/katerina01.jpg","type":"image\/jpeg"}],"twitter_card":"summary_large_image","twitter_misc":{"Odhadovan\u00e1 doba \u010dten\u00ed":"1 minuta"},"schema":{"@context":"https:\/\/schema.org","@graph":[{"@type":"WebPage","@id":"https:\/\/www.kndorty.cz\/?page_id=192","url":"https:\/\/www.kndorty.cz\/?page_id=192","name":"Kate\u0159ina &#8226; K. N. DORTY","isPartOf":{"@id":"https:\/\/www.kndorty.cz\/#website"},"primaryImageOfPage":{"@id":"https:\/\/www.kndorty.cz\/?page_id=192#primaryimage"},"image":{"@id":"https:\/\/www.kndorty.cz\/?page_id=192#primaryimage"},"thumbnailUrl":"https:\/\/www.kndorty.cz\/wp-content\/uploads\/katerina01.jpg","datePublished":"2019-10-27T18:16:07+00:00","dateModified":"2019-10-27T22:01:36+00:00","breadcrumb":{"@id":"https:\/\/www.kndorty.cz\/?page_id=192#breadcrumb"},"inLanguage":"cs","potentialAction":[{"@type":"ReadAction","target":["https:\/\/www.kndorty.cz\/?page_id=192"]}]},{"@type":"ImageObject","inLanguage":"cs","@id":"https:\/\/www.kndorty.cz\/?page_id=192#primaryimage","url":"https:\/\/www.kndorty.cz\/wp-content\/uploads\/katerina01.jpg","contentUrl":"https:\/\/www.kndorty.cz\/wp-content\/uploads\/katerina01.jpg","width":956,"height":960},{"@type":"BreadcrumbList","@id":"https:\/\/www.kndorty.cz\/?page_id=192#breadcrumb","itemListElement":[{"@type":"ListItem","position":1,"name":"Dom\u016f","item":"https:\/\/www.kndorty.cz\/"},{"@type":"ListItem","position":2,"name":"Kate\u0159ina"}]},{"@type":"WebSite","@id":"https:\/\/www.kndorty.cz\/#website","url":"https:\/\/www.kndorty.cz\/","name":"K. N. DORTY","description":"Vyr\u00e1b\u00edme skv\u011bl\u00e9 dorty","publisher":{"@id":"https:\/\/www.kndorty.cz\/#organization"},"potentialAction":[{"@type":"SearchAction","target":{"@type":"EntryPoint","urlTemplate":"https:\/\/www.kndorty.cz\/?s={search_term_string}"},"query-input":{"@type":"PropertyValueSpecification","valueRequired":true,"valueName":"search_term_string"}}],"inLanguage":"cs"},{"@type":"Organization","@id":"https:\/\/www.kndorty.cz\/#organization","name":"K. N. DORTY","url":"https:\/\/www.kndorty.cz\/","logo":{"@type":"ImageObject","inLanguage":"cs","@id":"https:\/\/www.kndorty.cz\/#\/schema\/logo\/image\/","url":"https:\/\/www.kndorty.cz\/wp-content\/uploads\/2019\/10\/kn-dorty-logo-facebook.jpg","contentUrl":"https:\/\/www.kndorty.cz\/wp-content\/uploads\/2019\/10\/kn-dorty-logo-facebook.jpg","width":960,"height":960,"caption":"K. N. DORTY"},"image":{"@id":"https:\/\/www.kndorty.cz\/#\/schema\/logo\/image\/"},"sameAs":["https:\/\/www.facebook.com\/KNDorty\/"]}]}},"_links":{"self":[{"href":"https:\/\/www.kndorty.cz\/index.php?rest_route=\/wp\/v2\/pages\/192","targetHints":{"allow":["GET"]}}],"collection":[{"href":"https:\/\/www.kndorty.cz\/index.php?rest_route=\/wp\/v2\/pages"}],"about":[{"href":"https:\/\/www.kndorty.cz\/index.php?rest_route=\/wp\/v2\/types\/page"}],"author":[{"embeddable":true,"href":"https:\/\/www.kndorty.cz\/index.php?rest_route=\/wp\/v2\/users\/1"}],"replies":[{"embeddable":true,"href":"https:\/\/www.kndorty.cz\/index.php?rest_route=%2Fwp%2Fv2%2Fcomments&post=192"}],"version-history":[{"count":7,"href":"https:\/\/www.kndorty.cz\/index.php?rest_route=\/wp\/v2\/pages\/192\/revisions"}],"predecessor-version":[{"id":335,"href":"https:\/\/www.kndorty.cz\/index.php?rest_route=\/wp\/v2\/pages\/192\/revisions\/335"}],"wp:featuredmedia":[{"embeddable":true,"href":"https:\/\/www.kndorty.cz\/index.php?rest_route=\/wp\/v2\/media\/62"}],"wp:attachment":[{"href":"https:\/\/www.kndorty.cz\/index.php?rest_route=%2Fwp%2Fv2%2Fmedia&parent=192"}],"curies":[{"name":"wp","href":"https:\/\/api.w.org\/{rel}","templated":true}]}}