{"id":153,"date":"2019-10-27T16:51:15","date_gmt":"2019-10-27T16:51:15","guid":{"rendered":"http:\/\/www.kndorty.cz\/?page_id=153"},"modified":"2024-09-03T21:13:56","modified_gmt":"2024-09-03T21:13:56","slug":"nase-vyrobky","status":"publish","type":"page","link":"https:\/\/www.kndorty.cz\/","title":{"rendered":"Na\u0161e v\u00fdrobky"},"content":{"rendered":"<p>[et_pb_section fb_built=&#8220;1&#8243; _builder_version=&#8220;4.16&#8243; global_colors_info=&#8220;{}&#8220;][et_pb_row _builder_version=&#8220;4.16&#8243; global_colors_info=&#8220;{}&#8220;][et_pb_column type=&#8220;4_4&#8243; _builder_version=&#8220;4.16&#8243; global_colors_info=&#8220;{}&#8220;][et_pb_text _builder_version=&#8220;4.16&#8243; text_orientation=&#8220;center&#8220; animation_style=&#8220;slide&#8220; global_colors_info=&#8220;{}&#8220;]<\/p>\n<h1>Na\u0161e v\u00fdrobky<\/h1>\n<p>[\/et_pb_text][\/et_pb_column][\/et_pb_row][et_pb_row _builder_version=&#8220;4.16&#8243; global_colors_info=&#8220;{}&#8220;][et_pb_column type=&#8220;4_4&#8243; _builder_version=&#8220;4.16&#8243; global_colors_info=&#8220;{}&#8220;][et_pb_blog fullwidth=&#8220;off&#8220; meta_date=&#8220;j. n. Y&#8220; show_more=&#8220;on&#8220; show_author=&#8220;off&#8220; show_date=&#8220;off&#8220; show_categories=&#8220;off&#8220; show_pagination=&#8220;off&#8220; masonry_tile_background_color=&#8220;#fbe9d1&#8243; _builder_version=&#8220;4.16&#8243; header_text_align=&#8220;center&#8220; header_font_size=&#8220;33px&#8220; body_text_color=&#8220;#402020&#8243; read_more_text_color=&#8220;#00c1d5&#8243; text_orientation=&#8220;center&#8220; animation_style=&#8220;fade&#8220; border_radii=&#8220;on|50px|50px|50px|50px&#8220; border_width_all=&#8220;3px&#8220; border_color_all=&#8220;#402020&#8243; global_colors_info=&#8220;{}&#8220;][\/et_pb_blog][\/et_pb_column][\/et_pb_row][\/et_pb_section]<\/p>\n","protected":false},"excerpt":{"rendered":"<p>Vyberte si z&nbsp;na\u0161\u00ed nab\u00eddky. Dorty d\u011btsk\u00e9, dorty narozeninov\u00e9, dorty svatebn\u00ed, makronky, dezerty, cukrov\u00ed&#8230;<\/p>\n","protected":false},"author":1,"featured_media":141,"parent":0,"menu_order":0,"comment_status":"closed","ping_status":"closed","template":"","meta":{"_et_pb_use_builder":"on","_et_pb_old_content":"","_et_gb_content_width":"","footnotes":""},"class_list":["post-153","page","type-page","status-publish","has-post-thumbnail","hentry"],"yoast_head":"<!-- This site is optimized with the Yoast SEO plugin v24.9 - https:\/\/yoast.com\/wordpress\/plugins\/seo\/ -->\n<title>Na\u0161e v\u00fdrobky &#8226; K. N. DORTY<\/title>\n<meta name=\"robots\" content=\"index, follow, max-snippet:-1, max-image-preview:large, max-video-preview:-1\" \/>\n<link rel=\"canonical\" href=\"https:\/\/www.kndorty.cz\/\" \/>\n<meta property=\"og:locale\" content=\"cs_CZ\" \/>\n<meta property=\"og:type\" content=\"article\" \/>\n<meta property=\"og:title\" content=\"Na\u0161e v\u00fdrobky &#8226; K. N. DORTY\" \/>\n<meta property=\"og:description\" content=\"Vyberte si z na\u0161\u00ed nab\u00eddky. Dorty d\u011btsk\u00e9, dorty narozeninov\u00e9, dorty svatebn\u00ed, makronky, dezerty, cukrov\u00ed...\" \/>\n<meta property=\"og:url\" content=\"https:\/\/www.kndorty.cz\/\" \/>\n<meta property=\"og:site_name\" content=\"K. N. DORTY\" \/>\n<meta property=\"article:publisher\" content=\"https:\/\/www.facebook.com\/KNDorty\/\" \/>\n<meta property=\"article:modified_time\" content=\"2024-09-03T21:13:56+00:00\" \/>\n<meta property=\"og:image\" content=\"http:\/\/www.kndorty.cz\/wp-content\/uploads\/IMG-20190929-WA0028.jpg\" \/>\n\t<meta property=\"og:image:width\" content=\"1200\" \/>\n\t<meta property=\"og:image:height\" content=\"1600\" \/>\n\t<meta property=\"og:image:type\" content=\"image\/jpeg\" \/>\n<meta name=\"twitter:card\" content=\"summary_large_image\" \/>\n<meta name=\"twitter:label1\" content=\"Odhadovan\u00e1 doba \u010dten\u00ed\" \/>\n\t<meta name=\"twitter:data1\" content=\"1 minuta\" \/>\n<script type=\"application\/ld+json\" class=\"yoast-schema-graph\">{\"@context\":\"https:\/\/schema.org\",\"@graph\":[{\"@type\":\"WebPage\",\"@id\":\"https:\/\/www.kndorty.cz\/\",\"url\":\"https:\/\/www.kndorty.cz\/\",\"name\":\"Na\u0161e v\u00fdrobky &#8226; K. N. DORTY\",\"isPartOf\":{\"@id\":\"https:\/\/www.kndorty.cz\/#website\"},\"primaryImageOfPage\":{\"@id\":\"https:\/\/www.kndorty.cz\/#primaryimage\"},\"image\":{\"@id\":\"https:\/\/www.kndorty.cz\/#primaryimage\"},\"thumbnailUrl\":\"https:\/\/www.kndorty.cz\/wp-content\/uploads\/IMG-20190929-WA0028.jpg\",\"datePublished\":\"2019-10-27T16:51:15+00:00\",\"dateModified\":\"2024-09-03T21:13:56+00:00\",\"breadcrumb\":{\"@id\":\"https:\/\/www.kndorty.cz\/#breadcrumb\"},\"inLanguage\":\"cs\",\"potentialAction\":[{\"@type\":\"ReadAction\",\"target\":[\"https:\/\/www.kndorty.cz\/\"]}]},{\"@type\":\"ImageObject\",\"inLanguage\":\"cs\",\"@id\":\"https:\/\/www.kndorty.cz\/#primaryimage\",\"url\":\"https:\/\/www.kndorty.cz\/wp-content\/uploads\/IMG-20190929-WA0028.jpg\",\"contentUrl\":\"https:\/\/www.kndorty.cz\/wp-content\/uploads\/IMG-20190929-WA0028.jpg\",\"width\":1200,\"height\":1600},{\"@type\":\"BreadcrumbList\",\"@id\":\"https:\/\/www.kndorty.cz\/#breadcrumb\",\"itemListElement\":[{\"@type\":\"ListItem\",\"position\":1,\"name\":\"Dom\u016f\",\"item\":\"https:\/\/www.kndorty.cz\/\"},{\"@type\":\"ListItem\",\"position\":2,\"name\":\"Na\u0161e v\u00fdrobky\"}]},{\"@type\":\"WebSite\",\"@id\":\"https:\/\/www.kndorty.cz\/#website\",\"url\":\"https:\/\/www.kndorty.cz\/\",\"name\":\"K. N. DORTY\",\"description\":\"Vyr\u00e1b\u00edme skv\u011bl\u00e9 dorty\",\"publisher\":{\"@id\":\"https:\/\/www.kndorty.cz\/#organization\"},\"potentialAction\":[{\"@type\":\"SearchAction\",\"target\":{\"@type\":\"EntryPoint\",\"urlTemplate\":\"https:\/\/www.kndorty.cz\/?s={search_term_string}\"},\"query-input\":{\"@type\":\"PropertyValueSpecification\",\"valueRequired\":true,\"valueName\":\"search_term_string\"}}],\"inLanguage\":\"cs\"},{\"@type\":\"Organization\",\"@id\":\"https:\/\/www.kndorty.cz\/#organization\",\"name\":\"K. N. DORTY\",\"url\":\"https:\/\/www.kndorty.cz\/\",\"logo\":{\"@type\":\"ImageObject\",\"inLanguage\":\"cs\",\"@id\":\"https:\/\/www.kndorty.cz\/#\/schema\/logo\/image\/\",\"url\":\"https:\/\/www.kndorty.cz\/wp-content\/uploads\/2019\/10\/kn-dorty-logo-facebook.jpg\",\"contentUrl\":\"https:\/\/www.kndorty.cz\/wp-content\/uploads\/2019\/10\/kn-dorty-logo-facebook.jpg\",\"width\":960,\"height\":960,\"caption\":\"K. N. DORTY\"},\"image\":{\"@id\":\"https:\/\/www.kndorty.cz\/#\/schema\/logo\/image\/\"},\"sameAs\":[\"https:\/\/www.facebook.com\/KNDorty\/\"]}]}<\/script>\n<!-- \/ Yoast SEO plugin. -->","yoast_head_json":{"title":"Na\u0161e v\u00fdrobky &#8226; K. N. DORTY","robots":{"index":"index","follow":"follow","max-snippet":"max-snippet:-1","max-image-preview":"max-image-preview:large","max-video-preview":"max-video-preview:-1"},"canonical":"https:\/\/www.kndorty.cz\/","og_locale":"cs_CZ","og_type":"article","og_title":"Na\u0161e v\u00fdrobky &#8226; K. N. DORTY","og_description":"Vyberte si z na\u0161\u00ed nab\u00eddky. Dorty d\u011btsk\u00e9, dorty narozeninov\u00e9, dorty svatebn\u00ed, makronky, dezerty, cukrov\u00ed...","og_url":"https:\/\/www.kndorty.cz\/","og_site_name":"K. N. DORTY","article_publisher":"https:\/\/www.facebook.com\/KNDorty\/","article_modified_time":"2024-09-03T21:13:56+00:00","og_image":[{"width":1200,"height":1600,"url":"http:\/\/www.kndorty.cz\/wp-content\/uploads\/IMG-20190929-WA0028.jpg","type":"image\/jpeg"}],"twitter_card":"summary_large_image","twitter_misc":{"Odhadovan\u00e1 doba \u010dten\u00ed":"1 minuta"},"schema":{"@context":"https:\/\/schema.org","@graph":[{"@type":"WebPage","@id":"https:\/\/www.kndorty.cz\/","url":"https:\/\/www.kndorty.cz\/","name":"Na\u0161e v\u00fdrobky &#8226; K. N. DORTY","isPartOf":{"@id":"https:\/\/www.kndorty.cz\/#website"},"primaryImageOfPage":{"@id":"https:\/\/www.kndorty.cz\/#primaryimage"},"image":{"@id":"https:\/\/www.kndorty.cz\/#primaryimage"},"thumbnailUrl":"https:\/\/www.kndorty.cz\/wp-content\/uploads\/IMG-20190929-WA0028.jpg","datePublished":"2019-10-27T16:51:15+00:00","dateModified":"2024-09-03T21:13:56+00:00","breadcrumb":{"@id":"https:\/\/www.kndorty.cz\/#breadcrumb"},"inLanguage":"cs","potentialAction":[{"@type":"ReadAction","target":["https:\/\/www.kndorty.cz\/"]}]},{"@type":"ImageObject","inLanguage":"cs","@id":"https:\/\/www.kndorty.cz\/#primaryimage","url":"https:\/\/www.kndorty.cz\/wp-content\/uploads\/IMG-20190929-WA0028.jpg","contentUrl":"https:\/\/www.kndorty.cz\/wp-content\/uploads\/IMG-20190929-WA0028.jpg","width":1200,"height":1600},{"@type":"BreadcrumbList","@id":"https:\/\/www.kndorty.cz\/#breadcrumb","itemListElement":[{"@type":"ListItem","position":1,"name":"Dom\u016f","item":"https:\/\/www.kndorty.cz\/"},{"@type":"ListItem","position":2,"name":"Na\u0161e v\u00fdrobky"}]},{"@type":"WebSite","@id":"https:\/\/www.kndorty.cz\/#website","url":"https:\/\/www.kndorty.cz\/","name":"K. N. DORTY","description":"Vyr\u00e1b\u00edme skv\u011bl\u00e9 dorty","publisher":{"@id":"https:\/\/www.kndorty.cz\/#organization"},"potentialAction":[{"@type":"SearchAction","target":{"@type":"EntryPoint","urlTemplate":"https:\/\/www.kndorty.cz\/?s={search_term_string}"},"query-input":{"@type":"PropertyValueSpecification","valueRequired":true,"valueName":"search_term_string"}}],"inLanguage":"cs"},{"@type":"Organization","@id":"https:\/\/www.kndorty.cz\/#organization","name":"K. N. DORTY","url":"https:\/\/www.kndorty.cz\/","logo":{"@type":"ImageObject","inLanguage":"cs","@id":"https:\/\/www.kndorty.cz\/#\/schema\/logo\/image\/","url":"https:\/\/www.kndorty.cz\/wp-content\/uploads\/2019\/10\/kn-dorty-logo-facebook.jpg","contentUrl":"https:\/\/www.kndorty.cz\/wp-content\/uploads\/2019\/10\/kn-dorty-logo-facebook.jpg","width":960,"height":960,"caption":"K. N. DORTY"},"image":{"@id":"https:\/\/www.kndorty.cz\/#\/schema\/logo\/image\/"},"sameAs":["https:\/\/www.facebook.com\/KNDorty\/"]}]}},"_links":{"self":[{"href":"https:\/\/www.kndorty.cz\/index.php?rest_route=\/wp\/v2\/pages\/153","targetHints":{"allow":["GET"]}}],"collection":[{"href":"https:\/\/www.kndorty.cz\/index.php?rest_route=\/wp\/v2\/pages"}],"about":[{"href":"https:\/\/www.kndorty.cz\/index.php?rest_route=\/wp\/v2\/types\/page"}],"author":[{"embeddable":true,"href":"https:\/\/www.kndorty.cz\/index.php?rest_route=\/wp\/v2\/users\/1"}],"replies":[{"embeddable":true,"href":"https:\/\/www.kndorty.cz\/index.php?rest_route=%2Fwp%2Fv2%2Fcomments&post=153"}],"version-history":[{"count":9,"href":"https:\/\/www.kndorty.cz\/index.php?rest_route=\/wp\/v2\/pages\/153\/revisions"}],"predecessor-version":[{"id":592,"href":"https:\/\/www.kndorty.cz\/index.php?rest_route=\/wp\/v2\/pages\/153\/revisions\/592"}],"wp:featuredmedia":[{"embeddable":true,"href":"https:\/\/www.kndorty.cz\/index.php?rest_route=\/wp\/v2\/media\/141"}],"wp:attachment":[{"href":"https:\/\/www.kndorty.cz\/index.php?rest_route=%2Fwp%2Fv2%2Fmedia&parent=153"}],"curies":[{"name":"wp","href":"https:\/\/api.w.org\/{rel}","templated":true}]}}